{"id":158,"date":"2023-07-03T20:38:23","date_gmt":"2023-07-03T20:38:23","guid":{"rendered":"https:\/\/www.nobu.mx\/new\/?page_id=158"},"modified":"2025-09-24T23:32:45","modified_gmt":"2025-09-24T23:32:45","slug":"galeria","status":"publish","type":"page","link":"https:\/\/www.nobu.mx\/en\/galeria\/","title":{"rendered":"Galer\u00eda Nobu CDMX | Alta Cocina y Espacios Contempor\u00e1neos"},"content":{"rendered":"<div data-elementor-type=\"wp-page\" data-elementor-id=\"158\" class=\"elementor elementor-158\" data-elementor-post-type=\"page\">\n\t\t\t\t\t\t<section class=\"elementor-section elementor-top-section elementor-element elementor-element-79e1ab5 elementor-section-boxed elementor-section-height-default elementor-section-height-default\" data-id=\"79e1ab5\" data-element_type=\"section\" data-e-type=\"section\">\n\t\t\t\t\t\t<div class=\"elementor-container elementor-column-gap-default\">\n\t\t\t\t\t<div class=\"elementor-column elementor-col-100 elementor-top-column elementor-element elementor-element-344dacf\" data-id=\"344dacf\" data-element_type=\"column\" data-e-type=\"column\">\n\t\t\t<div class=\"elementor-widget-wrap elementor-element-populated\">\n\t\t\t\t\t\t<div class=\"elementor-element elementor-element-651a7ec elementor-invisible elementor-widget elementor-widget-heading\" data-id=\"651a7ec\" data-element_type=\"widget\" data-e-type=\"widget\" data-settings=\"{&quot;_animation&quot;:&quot;zoomIn&quot;}\" data-widget_type=\"heading.default\">\n\t\t\t\t<div class=\"elementor-widget-container\">\n\t\t\t\t\t<h2 class=\"elementor-heading-title elementor-size-default\">Architecture<\/h2>\t\t\t\t<\/div>\n\t\t\t\t<\/div>\n\t\t\t\t<div class=\"elementor-element elementor-element-b7e45ec elementor-skin-carousel elementor-arrows-yes elementor-pagination-type-bullets elementor-pagination-position-outside elementor-widget elementor-widget-media-carousel\" data-id=\"b7e45ec\" data-element_type=\"widget\" data-e-type=\"widget\" data-settings=\"{&quot;slides_per_view&quot;:&quot;3&quot;,&quot;slides_per_view_mobile&quot;:&quot;1&quot;,&quot;skin&quot;:&quot;carousel&quot;,&quot;effect&quot;:&quot;slide&quot;,&quot;show_arrows&quot;:&quot;yes&quot;,&quot;pagination&quot;:&quot;bullets&quot;,&quot;speed&quot;:500,&quot;autoplay&quot;:&quot;yes&quot;,&quot;autoplay_speed&quot;:5000,&quot;loop&quot;:&quot;yes&quot;,&quot;pause_on_hover&quot;:&quot;yes&quot;,&quot;pause_on_interaction&quot;:&quot;yes&quot;,&quot;space_between&quot;:{&quot;unit&quot;:&quot;px&quot;,&quot;size&quot;:10,&quot;sizes&quot;:[]},&quot;space_between_tablet&quot;:{&quot;unit&quot;:&quot;px&quot;,&quot;size&quot;:10,&quot;sizes&quot;:[]},&quot;space_between_mobile&quot;:{&quot;unit&quot;:&quot;px&quot;,&quot;size&quot;:10,&quot;sizes&quot;:[]}}\" data-widget_type=\"media-carousel.default\">\n\t\t\t\t<div class=\"elementor-widget-container\">\n\t\t\t\t\t\t\t\t\t<div class=\"elementor-swiper\">\n\t\t\t\t\t<div class=\"elementor-main-swiper swiper\" role=\"region\" aria-roledescription=\"carousel\" aria-label=\"Slides\">\n\t\t\t\t<div class=\"swiper-wrapper\">\n\t\t\t\t\t\t\t\t\t\t\t<div class=\"swiper-slide\" role=\"group\" aria-roledescription=\"slide\">\n\t\t\t\t\t\t\t\t\t<div class=\"elementor-carousel-image\" role=\"img\" aria-label=\"03-NOBU\" style=\"background-image: url(&#039;https:\/\/www.nobu.mx\/wp-content\/uploads\/2024\/11\/03-NOBU-scaled.jpg&#039;)\">\n\n\t\t\t\n\t\t\t\t\t<\/div>\n\t\t\t\t\t\t\t\t<\/div>\n\t\t\t\t\t\t\t\t\t\t\t<div class=\"swiper-slide\" role=\"group\" aria-roledescription=\"slide\">\n\t\t\t\t\t\t\t<a href=\"https:\/\/www.nobu.mx\/wp-content\/uploads\/2024\/11\/04-NOBU-scaled.jpg\" data-elementor-open-lightbox=\"yes\" data-elementor-lightbox-slideshow=\"b7e45ec\" data-e-action-hash=\"#elementor-action%3Aaction%3Dlightbox%26settings%3DeyJpZCI6NzI5LCJ1cmwiOiJodHRwczpcL1wvd3d3Lm5vYnUubXhcL3dwLWNvbnRlbnRcL3VwbG9hZHNcLzIwMjRcLzExXC8wNC1OT0JVLXNjYWxlZC5qcGciLCJzbGlkZXNob3ciOiJiN2U0NWVjIn0%3D\">\t\t<div class=\"elementor-carousel-image\" role=\"img\" aria-label=\"04-NOBU\" style=\"background-image: url(&#039;https:\/\/www.nobu.mx\/wp-content\/uploads\/2024\/11\/04-NOBU-scaled.jpg&#039;)\">\n\n\t\t\t\n\t\t\t\t\t<\/div>\n\t\t<\/a>\t\t\t\t\t\t<\/div>\n\t\t\t\t\t\t\t\t\t\t\t<div class=\"swiper-slide\" role=\"group\" aria-roledescription=\"slide\">\n\t\t\t\t\t\t\t\t\t<div class=\"elementor-carousel-image\" role=\"img\" aria-label=\"05-NOBU\" style=\"background-image: url(&#039;https:\/\/www.nobu.mx\/wp-content\/uploads\/2024\/11\/05-NOBU-scaled.jpg&#039;)\">\n\n\t\t\t\n\t\t\t\t\t<\/div>\n\t\t\t\t\t\t\t\t<\/div>\n\t\t\t\t\t\t\t\t\t\t\t<div class=\"swiper-slide\" role=\"group\" aria-roledescription=\"slide\">\n\t\t\t\t\t\t\t\t\t<div class=\"elementor-carousel-image\" role=\"img\" aria-label=\"06-NOBU\" style=\"background-image: url(&#039;https:\/\/www.nobu.mx\/wp-content\/uploads\/2024\/11\/06-NOBU-scaled.jpg&#039;)\">\n\n\t\t\t\n\t\t\t\t\t<\/div>\n\t\t\t\t\t\t\t\t<\/div>\n\t\t\t\t\t\t\t\t\t\t\t<div class=\"swiper-slide\" role=\"group\" aria-roledescription=\"slide\">\n\t\t\t\t\t\t\t\t\t<div class=\"elementor-carousel-image\" role=\"img\" aria-label=\"Nobu Ciudad de Me\u0301xico4\" style=\"background-image: url(&#039;https:\/\/www.nobu.mx\/wp-content\/uploads\/2023\/06\/Nobu-Ciudad-de-Mexico4-scaled.jpg&#039;)\">\n\n\t\t\t\n\t\t\t\t\t<\/div>\n\t\t\t\t\t\t\t\t<\/div>\n\t\t\t\t\t\t\t\t\t\t\t<div class=\"swiper-slide\" role=\"group\" aria-roledescription=\"slide\">\n\t\t\t\t\t\t\t\t\t<div class=\"elementor-carousel-image\" role=\"img\" aria-label=\"Nobu Ciudad de Me\u0301xico3\" style=\"background-image: url(&#039;https:\/\/www.nobu.mx\/wp-content\/uploads\/2023\/06\/Nobu-Ciudad-de-Mexico3-scaled.jpg&#039;)\">\n\n\t\t\t\n\t\t\t\t\t<\/div>\n\t\t\t\t\t\t\t\t<\/div>\n\t\t\t\t\t\t\t\t\t\t\t<div class=\"swiper-slide\" role=\"group\" aria-roledescription=\"slide\">\n\t\t\t\t\t\t\t\t\t<div class=\"elementor-carousel-image\" role=\"img\" aria-label=\"Nobu Ciudad de Me\u0301xico2\" style=\"background-image: url(&#039;https:\/\/www.nobu.mx\/wp-content\/uploads\/2023\/06\/Nobu-Ciudad-de-Mexico2-scaled.jpg&#039;)\">\n\n\t\t\t\n\t\t\t\t\t<\/div>\n\t\t\t\t\t\t\t\t<\/div>\n\t\t\t\t\t\t\t\t\t\t\t<div class=\"swiper-slide\" role=\"group\" aria-roledescription=\"slide\">\n\t\t\t\t\t\t\t\t\t<div class=\"elementor-carousel-image\" role=\"img\" aria-label=\"_R1A7095 (1)\" style=\"background-image: url(&#039;https:\/\/www.nobu.mx\/wp-content\/uploads\/2023\/07\/R1A7095-1-scaled.jpg&#039;)\">\n\n\t\t\t\n\t\t\t\t\t<\/div>\n\t\t\t\t\t\t\t\t<\/div>\n\t\t\t\t\t\t\t\t\t<\/div>\n\t\t\t\t\t\t\t\t\t\t\t\t\t\t\t<div class=\"elementor-swiper-button elementor-swiper-button-prev\" role=\"button\" tabindex=\"0\" aria-label=\"Previous\">\n\t\t\t\t\t\t\t<i aria-hidden=\"true\" class=\"eicon-chevron-left\"><\/i>\t\t\t\t\t\t<\/div>\n\t\t\t\t\t\t<div class=\"elementor-swiper-button elementor-swiper-button-next\" role=\"button\" tabindex=\"0\" aria-label=\"Next\">\n\t\t\t\t\t\t\t<i aria-hidden=\"true\" class=\"eicon-chevron-right\"><\/i>\t\t\t\t\t\t<\/div>\n\t\t\t\t\t\t\t\t\t\t\t\t\t\t\t\t<div class=\"swiper-pagination\"><\/div>\n\t\t\t\t\t\t\t\t\t\t\t\t<\/div>\n\t\t\t\t<\/div>\n\t\t\t\t\t\t\t\t<\/div>\n\t\t\t\t<\/div>\n\t\t\t\t<div class=\"elementor-element elementor-element-b09768b elementor-widget elementor-widget-spacer\" data-id=\"b09768b\" data-element_type=\"widget\" data-e-type=\"widget\" data-widget_type=\"spacer.default\">\n\t\t\t\t<div class=\"elementor-widget-container\">\n\t\t\t\t\t\t\t<div class=\"elementor-spacer\">\n\t\t\t<div class=\"elementor-spacer-inner\"><\/div>\n\t\t<\/div>\n\t\t\t\t\t\t<\/div>\n\t\t\t\t<\/div>\n\t\t\t\t<div class=\"elementor-element elementor-element-1606062 elementor-invisible elementor-widget elementor-widget-heading\" data-id=\"1606062\" data-element_type=\"widget\" data-e-type=\"widget\" data-settings=\"{&quot;_animation&quot;:&quot;zoomIn&quot;}\" data-widget_type=\"heading.default\">\n\t\t\t\t<div class=\"elementor-widget-container\">\n\t\t\t\t\t<h2 class=\"elementor-heading-title elementor-size-default\">Food<\/h2>\t\t\t\t<\/div>\n\t\t\t\t<\/div>\n\t\t\t\t<div class=\"elementor-element elementor-element-75b6424 elementor-skin-carousel elementor-arrows-yes elementor-pagination-type-bullets elementor-pagination-position-outside elementor-widget elementor-widget-media-carousel\" data-id=\"75b6424\" data-element_type=\"widget\" data-e-type=\"widget\" data-settings=\"{&quot;slides_per_view&quot;:&quot;3&quot;,&quot;slides_per_view_mobile&quot;:&quot;1&quot;,&quot;skin&quot;:&quot;carousel&quot;,&quot;effect&quot;:&quot;slide&quot;,&quot;show_arrows&quot;:&quot;yes&quot;,&quot;pagination&quot;:&quot;bullets&quot;,&quot;speed&quot;:500,&quot;autoplay&quot;:&quot;yes&quot;,&quot;autoplay_speed&quot;:5000,&quot;loop&quot;:&quot;yes&quot;,&quot;pause_on_hover&quot;:&quot;yes&quot;,&quot;pause_on_interaction&quot;:&quot;yes&quot;,&quot;space_between&quot;:{&quot;unit&quot;:&quot;px&quot;,&quot;size&quot;:10,&quot;sizes&quot;:[]},&quot;space_between_tablet&quot;:{&quot;unit&quot;:&quot;px&quot;,&quot;size&quot;:10,&quot;sizes&quot;:[]},&quot;space_between_mobile&quot;:{&quot;unit&quot;:&quot;px&quot;,&quot;size&quot;:10,&quot;sizes&quot;:[]}}\" data-widget_type=\"media-carousel.default\">\n\t\t\t\t<div class=\"elementor-widget-container\">\n\t\t\t\t\t\t\t\t\t<div class=\"elementor-swiper\">\n\t\t\t\t\t<div class=\"elementor-main-swiper swiper\" role=\"region\" aria-roledescription=\"carousel\" aria-label=\"Slides\">\n\t\t\t\t<div class=\"swiper-wrapper\">\n\t\t\t\t\t\t\t\t\t\t\t<div class=\"swiper-slide\" role=\"group\" aria-roledescription=\"slide\">\n\t\t\t\t\t\t\t<a href=\"https:\/\/www.nobu.mx\/new\/wp-content\/uploads\/2023\/06\/Nobu-Ciudad-de-Mexico5-scaled.jpg\" data-elementor-open-lightbox=\"yes\" data-elementor-lightbox-slideshow=\"75b6424\" data-e-action-hash=\"#elementor-action%3Aaction%3Dlightbox%26settings%3DeyJpZCI6MzQsInVybCI6Imh0dHBzOlwvXC93d3cubm9idS5teFwvd3AtY29udGVudFwvdXBsb2Fkc1wvMjAyM1wvMDZcL05vYnUtQ2l1ZGFkLWRlLU1leGljbzUtc2NhbGVkLmpwZyIsInNsaWRlc2hvdyI6Ijc1YjY0MjQifQ%3D%3D\">\t\t<div class=\"elementor-carousel-image\" role=\"img\" aria-label=\"Nobu Ciudad de Me\u0301xico5\" style=\"background-image: url(&#039;https:\/\/www.nobu.mx\/wp-content\/uploads\/2023\/06\/Nobu-Ciudad-de-Mexico5-scaled.jpg&#039;)\">\n\n\t\t\t\n\t\t\t\t\t<\/div>\n\t\t<\/a>\t\t\t\t\t\t<\/div>\n\t\t\t\t\t\t\t\t\t\t\t<div class=\"swiper-slide\" role=\"group\" aria-roledescription=\"slide\">\n\t\t\t\t\t\t\t\t\t<div class=\"elementor-carousel-image\" role=\"img\" aria-label=\"Nobu Ciudad de Me\u0301xico14\" style=\"background-image: url(&#039;https:\/\/www.nobu.mx\/wp-content\/uploads\/2023\/06\/Nobu-Ciudad-de-Mexico14-scaled.jpg&#039;)\">\n\n\t\t\t\n\t\t\t\t\t<\/div>\n\t\t\t\t\t\t\t\t<\/div>\n\t\t\t\t\t\t\t\t\t\t\t<div class=\"swiper-slide\" role=\"group\" aria-roledescription=\"slide\">\n\t\t\t\t\t\t\t\t\t<div class=\"elementor-carousel-image\" role=\"img\" aria-label=\"Nobu Ciudad de Me\u0301xico13\" style=\"background-image: url(&#039;https:\/\/www.nobu.mx\/wp-content\/uploads\/2023\/06\/Nobu-Ciudad-de-Mexico13-scaled.jpg&#039;)\">\n\n\t\t\t\n\t\t\t\t\t<\/div>\n\t\t\t\t\t\t\t\t<\/div>\n\t\t\t\t\t\t\t\t\t\t\t<div class=\"swiper-slide\" role=\"group\" aria-roledescription=\"slide\">\n\t\t\t\t\t\t\t\t\t<div class=\"elementor-carousel-image\" role=\"img\" aria-label=\"Nobu Ciudad de Me\u0301xico12\" style=\"background-image: url(&#039;https:\/\/www.nobu.mx\/wp-content\/uploads\/2023\/06\/Nobu-Ciudad-de-Mexico12-scaled.jpg&#039;)\">\n\n\t\t\t\n\t\t\t\t\t<\/div>\n\t\t\t\t\t\t\t\t<\/div>\n\t\t\t\t\t\t\t\t\t\t\t<div class=\"swiper-slide\" role=\"group\" aria-roledescription=\"slide\">\n\t\t\t\t\t\t\t\t\t<div class=\"elementor-carousel-image\" role=\"img\" aria-label=\"Nobu Ciudad de Me\u0301xico6\" style=\"background-image: url(&#039;https:\/\/www.nobu.mx\/wp-content\/uploads\/2023\/06\/Nobu-Ciudad-de-Mexico6-scaled.jpg&#039;)\">\n\n\t\t\t\n\t\t\t\t\t<\/div>\n\t\t\t\t\t\t\t\t<\/div>\n\t\t\t\t\t\t\t\t\t\t\t<div class=\"swiper-slide\" role=\"group\" aria-roledescription=\"slide\">\n\t\t\t\t\t\t\t\t\t<div class=\"elementor-carousel-image\" role=\"img\" aria-label=\"Nobu Ciudad de Me\u0301xico11\" style=\"background-image: url(&#039;https:\/\/www.nobu.mx\/wp-content\/uploads\/2023\/06\/Nobu-Ciudad-de-Mexico11-scaled.jpg&#039;)\">\n\n\t\t\t\n\t\t\t\t\t<\/div>\n\t\t\t\t\t\t\t\t<\/div>\n\t\t\t\t\t\t\t\t\t\t\t<div class=\"swiper-slide\" role=\"group\" aria-roledescription=\"slide\">\n\t\t\t\t\t\t\t\t\t<div class=\"elementor-carousel-image\" role=\"img\" aria-label=\"Nobu Ciudad de Me\u0301xico17\" style=\"background-image: url(&#039;https:\/\/www.nobu.mx\/wp-content\/uploads\/2023\/06\/Nobu-Ciudad-de-Mexico17.jpg&#039;)\">\n\n\t\t\t\n\t\t\t\t\t<\/div>\n\t\t\t\t\t\t\t\t<\/div>\n\t\t\t\t\t\t\t\t\t\t\t<div class=\"swiper-slide\" role=\"group\" aria-roledescription=\"slide\">\n\t\t\t\t\t\t\t\t\t<div class=\"elementor-carousel-image\" role=\"img\" aria-label=\"Nobu Ciudad de Me\u0301xico10\" style=\"background-image: url(&#039;https:\/\/www.nobu.mx\/wp-content\/uploads\/2023\/06\/Nobu-Ciudad-de-Mexico10-scaled.jpg&#039;)\">\n\n\t\t\t\n\t\t\t\t\t<\/div>\n\t\t\t\t\t\t\t\t<\/div>\n\t\t\t\t\t\t\t\t\t<\/div>\n\t\t\t\t\t\t\t\t\t\t\t\t\t\t\t<div class=\"elementor-swiper-button elementor-swiper-button-prev\" role=\"button\" tabindex=\"0\" aria-label=\"Previous\">\n\t\t\t\t\t\t\t<i aria-hidden=\"true\" class=\"eicon-chevron-left\"><\/i>\t\t\t\t\t\t<\/div>\n\t\t\t\t\t\t<div class=\"elementor-swiper-button elementor-swiper-button-next\" role=\"button\" tabindex=\"0\" aria-label=\"Next\">\n\t\t\t\t\t\t\t<i aria-hidden=\"true\" class=\"eicon-chevron-right\"><\/i>\t\t\t\t\t\t<\/div>\n\t\t\t\t\t\t\t\t\t\t\t\t\t\t\t\t<div class=\"swiper-pagination\"><\/div>\n\t\t\t\t\t\t\t\t\t\t\t\t<\/div>\n\t\t\t\t<\/div>\n\t\t\t\t\t\t\t\t<\/div>\n\t\t\t\t<\/div>\n\t\t\t\t\t<\/div>\n\t\t<\/div>\n\t\t\t\t\t<\/div>\n\t\t<\/section>\n\t\t\t\t<\/div>","protected":false},"excerpt":{"rendered":"<p>Arquitectura Previous Next Comida Previous Next<\/p>","protected":false},"author":2,"featured_media":0,"parent":0,"menu_order":0,"comment_status":"closed","ping_status":"closed","template":"","meta":{"footnotes":""},"class_list":["post-158","page","type-page","status-publish","hentry"],"yoast_head":"<!-- This site is optimized with the Yoast SEO plugin v27.4 - https:\/\/yoast.com\/product\/yoast-seo-wordpress\/ -->\n<title>Galer\u00eda Nobu CDMX | Alta Cocina y Espacios Contempor\u00e1neos<\/title>\n<meta name=\"description\" content=\"Explora la galer\u00eda de Nobu en CDMX: platillos de alta cocina, sushi y cocteler\u00eda en un ambiente contempor\u00e1neo de fine dining.\" \/>\n<meta name=\"robots\" content=\"index, follow, max-snippet:-1, max-image-preview:large, max-video-preview:-1\" \/>\n<link rel=\"canonical\" href=\"https:\/\/www.nobu.mx\/en\/galeria\/\" \/>\n<meta property=\"og:locale\" content=\"en_US\" \/>\n<meta property=\"og:type\" content=\"article\" \/>\n<meta property=\"og:title\" content=\"Galer\u00eda Nobu CDMX | Alta Cocina y Espacios Contempor\u00e1neos\" \/>\n<meta property=\"og:description\" content=\"Explora la galer\u00eda de Nobu en CDMX: platillos de alta cocina, sushi y cocteler\u00eda en un ambiente contempor\u00e1neo de fine dining.\" \/>\n<meta property=\"og:url\" content=\"https:\/\/www.nobu.mx\/en\/galeria\/\" \/>\n<meta property=\"og:site_name\" content=\"Nobu: Ciudad de M\u00e9xico\" \/>\n<meta property=\"article:publisher\" content=\"https:\/\/www.facebook.com\/NobuMexicoGH\/\" \/>\n<meta property=\"article:modified_time\" content=\"2025-09-24T23:32:45+00:00\" \/>\n<meta name=\"twitter:card\" content=\"summary_large_image\" \/>\n<meta name=\"twitter:label1\" content=\"Est. reading time\" \/>\n\t<meta name=\"twitter:data1\" content=\"1 minute\" \/>\n<script type=\"application\/ld+json\" class=\"yoast-schema-graph\">{\"@context\":\"https:\\\/\\\/schema.org\",\"@graph\":[{\"@type\":\"WebPage\",\"@id\":\"https:\\\/\\\/www.nobu.mx\\\/galeria\\\/\",\"url\":\"https:\\\/\\\/www.nobu.mx\\\/galeria\\\/\",\"name\":\"Galer\u00eda Nobu CDMX | Alta Cocina y Espacios Contempor\u00e1neos\",\"isPartOf\":{\"@id\":\"https:\\\/\\\/www.nobu.mx\\\/#website\"},\"datePublished\":\"2023-07-03T20:38:23+00:00\",\"dateModified\":\"2025-09-24T23:32:45+00:00\",\"description\":\"Explora la galer\u00eda de Nobu en CDMX: platillos de alta cocina, sushi y cocteler\u00eda en un ambiente contempor\u00e1neo de fine dining.\",\"breadcrumb\":{\"@id\":\"https:\\\/\\\/www.nobu.mx\\\/galeria\\\/#breadcrumb\"},\"inLanguage\":\"en-US\",\"potentialAction\":[{\"@type\":\"ReadAction\",\"target\":[\"https:\\\/\\\/www.nobu.mx\\\/galeria\\\/\"]}]},{\"@type\":\"BreadcrumbList\",\"@id\":\"https:\\\/\\\/www.nobu.mx\\\/galeria\\\/#breadcrumb\",\"itemListElement\":[{\"@type\":\"ListItem\",\"position\":1,\"name\":\"Inicio\",\"item\":\"https:\\\/\\\/www.nobu.mx\\\/\"},{\"@type\":\"ListItem\",\"position\":2,\"name\":\"Galer\u00eda Nobu CDMX | Alta Cocina y Espacios Contempor\u00e1neos\"}]},{\"@type\":\"WebSite\",\"@id\":\"https:\\\/\\\/www.nobu.mx\\\/#website\",\"url\":\"https:\\\/\\\/www.nobu.mx\\\/\",\"name\":\"Nobu: Ciudad de M\u00e9xico\",\"description\":\"Grupo Hunan\",\"publisher\":{\"@id\":\"https:\\\/\\\/www.nobu.mx\\\/#organization\"},\"potentialAction\":[{\"@type\":\"SearchAction\",\"target\":{\"@type\":\"EntryPoint\",\"urlTemplate\":\"https:\\\/\\\/www.nobu.mx\\\/?s={search_term_string}\"},\"query-input\":{\"@type\":\"PropertyValueSpecification\",\"valueRequired\":true,\"valueName\":\"search_term_string\"}}],\"inLanguage\":\"en-US\"},{\"@type\":\"Organization\",\"@id\":\"https:\\\/\\\/www.nobu.mx\\\/#organization\",\"name\":\"Nobu: Ciudad de M\u00e9xico\",\"url\":\"https:\\\/\\\/www.nobu.mx\\\/\",\"logo\":{\"@type\":\"ImageObject\",\"inLanguage\":\"en-US\",\"@id\":\"https:\\\/\\\/www.nobu.mx\\\/#\\\/schema\\\/logo\\\/image\\\/\",\"url\":\"https:\\\/\\\/www.nobu.mx\\\/wp-content\\\/uploads\\\/2023\\\/06\\\/Nobu.png\",\"contentUrl\":\"https:\\\/\\\/www.nobu.mx\\\/wp-content\\\/uploads\\\/2023\\\/06\\\/Nobu.png\",\"width\":681,\"height\":128,\"caption\":\"Nobu: Ciudad de M\u00e9xico\"},\"image\":{\"@id\":\"https:\\\/\\\/www.nobu.mx\\\/#\\\/schema\\\/logo\\\/image\\\/\"},\"sameAs\":[\"https:\\\/\\\/www.facebook.com\\\/NobuMexicoGH\\\/\",\"https:\\\/\\\/www.instagram.com\\\/nobucdmx\"]}]}<\/script>\n<!-- \/ Yoast SEO plugin. -->","yoast_head_json":{"title":"Galer\u00eda Nobu CDMX | Alta Cocina y Espacios Contempor\u00e1neos","description":"Explora la galer\u00eda de Nobu en CDMX: platillos de alta cocina, sushi y cocteler\u00eda en un ambiente contempor\u00e1neo de fine dining.","robots":{"index":"index","follow":"follow","max-snippet":"max-snippet:-1","max-image-preview":"max-image-preview:large","max-video-preview":"max-video-preview:-1"},"canonical":"https:\/\/www.nobu.mx\/en\/galeria\/","og_locale":"en_US","og_type":"article","og_title":"Galer\u00eda Nobu CDMX | Alta Cocina y Espacios Contempor\u00e1neos","og_description":"Explora la galer\u00eda de Nobu en CDMX: platillos de alta cocina, sushi y cocteler\u00eda en un ambiente contempor\u00e1neo de fine dining.","og_url":"https:\/\/www.nobu.mx\/en\/galeria\/","og_site_name":"Nobu: Ciudad de M\u00e9xico","article_publisher":"https:\/\/www.facebook.com\/NobuMexicoGH\/","article_modified_time":"2025-09-24T23:32:45+00:00","twitter_card":"summary_large_image","twitter_misc":{"Est. reading time":"1 minute"},"schema":{"@context":"https:\/\/schema.org","@graph":[{"@type":"WebPage","@id":"https:\/\/www.nobu.mx\/galeria\/","url":"https:\/\/www.nobu.mx\/galeria\/","name":"Galer\u00eda Nobu CDMX | Alta Cocina y Espacios Contempor\u00e1neos","isPartOf":{"@id":"https:\/\/www.nobu.mx\/#website"},"datePublished":"2023-07-03T20:38:23+00:00","dateModified":"2025-09-24T23:32:45+00:00","description":"Explora la galer\u00eda de Nobu en CDMX: platillos de alta cocina, sushi y cocteler\u00eda en un ambiente contempor\u00e1neo de fine dining.","breadcrumb":{"@id":"https:\/\/www.nobu.mx\/galeria\/#breadcrumb"},"inLanguage":"en-US","potentialAction":[{"@type":"ReadAction","target":["https:\/\/www.nobu.mx\/galeria\/"]}]},{"@type":"BreadcrumbList","@id":"https:\/\/www.nobu.mx\/galeria\/#breadcrumb","itemListElement":[{"@type":"ListItem","position":1,"name":"Inicio","item":"https:\/\/www.nobu.mx\/"},{"@type":"ListItem","position":2,"name":"Galer\u00eda Nobu CDMX | Alta Cocina y Espacios Contempor\u00e1neos"}]},{"@type":"WebSite","@id":"https:\/\/www.nobu.mx\/#website","url":"https:\/\/www.nobu.mx\/","name":"Nobu: Ciudad de M\u00e9xico","description":"GRUPO HUNAN","publisher":{"@id":"https:\/\/www.nobu.mx\/#organization"},"potentialAction":[{"@type":"SearchAction","target":{"@type":"EntryPoint","urlTemplate":"https:\/\/www.nobu.mx\/?s={search_term_string}"},"query-input":{"@type":"PropertyValueSpecification","valueRequired":true,"valueName":"search_term_string"}}],"inLanguage":"en-US"},{"@type":"Organization","@id":"https:\/\/www.nobu.mx\/#organization","name":"Nobu: Ciudad de M\u00e9xico","url":"https:\/\/www.nobu.mx\/","logo":{"@type":"ImageObject","inLanguage":"en-US","@id":"https:\/\/www.nobu.mx\/#\/schema\/logo\/image\/","url":"https:\/\/www.nobu.mx\/wp-content\/uploads\/2023\/06\/Nobu.png","contentUrl":"https:\/\/www.nobu.mx\/wp-content\/uploads\/2023\/06\/Nobu.png","width":681,"height":128,"caption":"Nobu: Ciudad de M\u00e9xico"},"image":{"@id":"https:\/\/www.nobu.mx\/#\/schema\/logo\/image\/"},"sameAs":["https:\/\/www.facebook.com\/NobuMexicoGH\/","https:\/\/www.instagram.com\/nobucdmx"]}]}},"_links":{"self":[{"href":"https:\/\/www.nobu.mx\/en\/wp-json\/wp\/v2\/pages\/158","targetHints":{"allow":["GET"]}}],"collection":[{"href":"https:\/\/www.nobu.mx\/en\/wp-json\/wp\/v2\/pages"}],"about":[{"href":"https:\/\/www.nobu.mx\/en\/wp-json\/wp\/v2\/types\/page"}],"author":[{"embeddable":true,"href":"https:\/\/www.nobu.mx\/en\/wp-json\/wp\/v2\/users\/2"}],"replies":[{"embeddable":true,"href":"https:\/\/www.nobu.mx\/en\/wp-json\/wp\/v2\/comments?post=158"}],"version-history":[{"count":29,"href":"https:\/\/www.nobu.mx\/en\/wp-json\/wp\/v2\/pages\/158\/revisions"}],"predecessor-version":[{"id":853,"href":"https:\/\/www.nobu.mx\/en\/wp-json\/wp\/v2\/pages\/158\/revisions\/853"}],"wp:attachment":[{"href":"https:\/\/www.nobu.mx\/en\/wp-json\/wp\/v2\/media?parent=158"}],"curies":[{"name":"wp","href":"https:\/\/api.w.org\/{rel}","templated":true}]}}