{"id":238,"date":"2023-07-04T18:46:19","date_gmt":"2023-07-04T18:46:19","guid":{"rendered":"https:\/\/www.nobu.mx\/new\/?page_id=238"},"modified":"2025-09-24T23:28:42","modified_gmt":"2025-09-24T23:28:42","slug":"ubicaciones","status":"publish","type":"page","link":"https:\/\/www.nobu.mx\/en\/ubicaciones\/","title":{"rendered":"Ubicaciones de Nobu en M\u00e9xico | Fine Dining Japon\u00e9s"},"content":{"rendered":"<div data-elementor-type=\"wp-page\" data-elementor-id=\"238\" class=\"elementor elementor-238\" data-elementor-post-type=\"page\">\n\t\t\t\t\t\t<section class=\"elementor-section elementor-top-section elementor-element elementor-element-4282b18 elementor-section-content-middle elementor-section-boxed elementor-section-height-default elementor-section-height-default\" data-id=\"4282b18\" data-element_type=\"section\" data-e-type=\"section\">\n\t\t\t\t\t\t<div class=\"elementor-container elementor-column-gap-default\">\n\t\t\t\t\t<div class=\"elementor-column elementor-col-50 elementor-top-column elementor-element elementor-element-6822e9c elementor-invisible\" data-id=\"6822e9c\" data-element_type=\"column\" data-e-type=\"column\" data-settings=\"{&quot;animation&quot;:&quot;fadeInLeft&quot;}\">\n\t\t\t<div class=\"elementor-widget-wrap elementor-element-populated\">\n\t\t\t\t\t\t<div class=\"elementor-element elementor-element-ecfdcac elementor-widget elementor-widget-heading\" data-id=\"ecfdcac\" data-element_type=\"widget\" data-e-type=\"widget\" data-widget_type=\"heading.default\">\n\t\t\t\t<div class=\"elementor-widget-container\">\n\t\t\t\t\t<h2 class=\"elementor-heading-title elementor-size-default\">Polanco<\/h2>\t\t\t\t<\/div>\n\t\t\t\t<\/div>\n\t\t\t\t<div class=\"elementor-element elementor-element-c21da3f elementor-invisible elementor-widget elementor-widget-text-editor\" data-id=\"c21da3f\" data-element_type=\"widget\" data-e-type=\"widget\" data-settings=\"{&quot;_animation&quot;:&quot;fadeInLeft&quot;}\" data-widget_type=\"text-editor.default\">\n\t\t\t\t<div class=\"elementor-widget-container\">\n\t\t\t\t\t\t\t\t\t<p>Anatole France 74, Polanco, Polanco III Secc, Miguel Hidalgo, 11560 Ciudad de M\u00e9xico, CDMX<\/p><p>Phone number: +52 (55) 5280 2945\/ +52 (55) 5280 3035<\/p><p>Hours:<\/p><p class=\"f14 mb-0\">Mon - Wed\u00a0<span class=\"d-none d-lg-inline-block\">\/<\/span>\u00a0<span class=\"d-block d-lg-inline-block\">1:00 PM &#8211; 11:00 PM<\/span><\/p><p class=\"f14 mb-0\">Thru - Sat\u00a0<span class=\"d-none d-lg-inline-block\">\/<\/span>\u00a0<span class=\"d-block d-lg-inline-block\">1:00 PM &#8211; 1:00 AM<\/span><\/p><p class=\"f14\">Sun\u00a0<span class=\"d-none d-lg-inline-block\">\/<\/span>\u00a0<span class=\"d-block d-lg-inline-block\">1:00 PM &#8211; 7:00 PM<\/span><\/p>\t\t\t\t\t\t\t\t<\/div>\n\t\t\t\t<\/div>\n\t\t\t\t<div class=\"elementor-element elementor-element-8aaf51e elementor-align-right elementor-mobile-align-center elementor-widget elementor-widget-button\" data-id=\"8aaf51e\" data-element_type=\"widget\" data-e-type=\"widget\" data-widget_type=\"button.default\">\n\t\t\t\t<div class=\"elementor-widget-container\">\n\t\t\t\t\t\t\t\t\t<div class=\"elementor-button-wrapper\">\n\t\t\t\t\t<a class=\"elementor-button elementor-button-link elementor-size-sm elementor-animation-shrink\" href=\"https:\/\/www.opentable.com.mx\/nobu-polanco-reservations-mexico?restref=159049&amp;lang=es-MX&amp;ot_source=Restaurantwebsite\" target=\"_blank\">\n\t\t\t\t\t\t<span class=\"elementor-button-content-wrapper\">\n\t\t\t\t\t\t\t\t\t<span class=\"elementor-button-text\">Book Now<\/span>\n\t\t\t\t\t<\/span>\n\t\t\t\t\t<\/a>\n\t\t\t\t<\/div>\n\t\t\t\t\t\t\t\t<\/div>\n\t\t\t\t<\/div>\n\t\t\t\t\t<\/div>\n\t\t<\/div>\n\t\t\t\t<div class=\"elementor-column elementor-col-50 elementor-top-column elementor-element elementor-element-74fdc63 elementor-invisible\" data-id=\"74fdc63\" data-element_type=\"column\" data-e-type=\"column\" data-settings=\"{&quot;animation&quot;:&quot;fadeInRight&quot;}\">\n\t\t\t<div class=\"elementor-widget-wrap elementor-element-populated\">\n\t\t\t\t\t\t<div class=\"elementor-element elementor-element-ed26d85 elementor-widget elementor-widget-google_maps\" data-id=\"ed26d85\" data-element_type=\"widget\" data-e-type=\"widget\" data-widget_type=\"google_maps.default\">\n\t\t\t\t<div class=\"elementor-widget-container\">\n\t\t\t\t\t\t\t<div class=\"elementor-custom-embed\">\n\t\t\t<iframe loading=\"lazy\"\n\t\t\t\t\tsrc=\"https:\/\/maps.google.com\/maps?q=Nobu%20Polanco&#038;t=m&#038;z=15&#038;output=embed&#038;iwloc=near\"\n\t\t\t\t\ttitle=\"Nobu Polanco\"\n\t\t\t\t\taria-label=\"Nobu Polanco\"\n\t\t\t><\/iframe>\n\t\t<\/div>\n\t\t\t\t\t\t<\/div>\n\t\t\t\t<\/div>\n\t\t\t\t\t<\/div>\n\t\t<\/div>\n\t\t\t\t\t<\/div>\n\t\t<\/section>\n\t\t\t\t<section class=\"elementor-section elementor-top-section elementor-element elementor-element-93a4b94 elementor-section-content-middle elementor-section-boxed elementor-section-height-default elementor-section-height-default\" data-id=\"93a4b94\" data-element_type=\"section\" data-e-type=\"section\">\n\t\t\t\t\t\t<div class=\"elementor-container elementor-column-gap-default\">\n\t\t\t\t\t<div class=\"elementor-column elementor-col-50 elementor-top-column elementor-element elementor-element-15b99fc elementor-invisible\" data-id=\"15b99fc\" data-element_type=\"column\" data-e-type=\"column\" data-settings=\"{&quot;animation&quot;:&quot;fadeInLeft&quot;}\">\n\t\t\t<div class=\"elementor-widget-wrap elementor-element-populated\">\n\t\t\t\t\t\t<div class=\"elementor-element elementor-element-99f1e8e elementor-widget elementor-widget-google_maps\" data-id=\"99f1e8e\" data-element_type=\"widget\" data-e-type=\"widget\" data-widget_type=\"google_maps.default\">\n\t\t\t\t<div class=\"elementor-widget-container\">\n\t\t\t\t\t\t\t<div class=\"elementor-custom-embed\">\n\t\t\t<iframe loading=\"lazy\"\n\t\t\t\t\tsrc=\"https:\/\/maps.google.com\/maps?q=Nobu%20Arcos&#038;t=m&#038;z=15&#038;output=embed&#038;iwloc=near\"\n\t\t\t\t\ttitle=\"Nobu Arcos\"\n\t\t\t\t\taria-label=\"Nobu Arcos\"\n\t\t\t><\/iframe>\n\t\t<\/div>\n\t\t\t\t\t\t<\/div>\n\t\t\t\t<\/div>\n\t\t\t\t\t<\/div>\n\t\t<\/div>\n\t\t\t\t<div class=\"elementor-column elementor-col-50 elementor-top-column elementor-element elementor-element-fa4c58f elementor-invisible\" data-id=\"fa4c58f\" data-element_type=\"column\" data-e-type=\"column\" data-settings=\"{&quot;animation&quot;:&quot;fadeInRight&quot;}\">\n\t\t\t<div class=\"elementor-widget-wrap elementor-element-populated\">\n\t\t\t\t\t\t<div class=\"elementor-element elementor-element-fb9da92 elementor-widget elementor-widget-heading\" data-id=\"fb9da92\" data-element_type=\"widget\" data-e-type=\"widget\" data-widget_type=\"heading.default\">\n\t\t\t\t<div class=\"elementor-widget-container\">\n\t\t\t\t\t<h2 class=\"elementor-heading-title elementor-size-default\">Arcos Bosques<\/h2>\t\t\t\t<\/div>\n\t\t\t\t<\/div>\n\t\t\t\t<div class=\"elementor-element elementor-element-1f6bca3 elementor-widget elementor-widget-text-editor\" data-id=\"1f6bca3\" data-element_type=\"widget\" data-e-type=\"widget\" data-widget_type=\"text-editor.default\">\n\t\t\t\t<div class=\"elementor-widget-container\">\n\t\t\t\t\t\t\t\t\t<p>P.\u00ba de los Tamarindos 90-PB21A, Bosques de las Lomas, Cuajimalpa de Morelos, 05120 Ciudad de M\u00e9xico, CDMX<\/p><p>Phone number: +52 (55) 9135 0062\/ +52 (55) 9135 0082<\/p><p>Hours:<\/p><p class=\"f14 mb-0\">Mon - Wed\u00a0<span class=\"d-none d-lg-inline-block\">\/<\/span>\u00a0<span class=\"d-block d-lg-inline-block\">1:00 PM &#8211; 11:00 PM<\/span><\/p><p class=\"f14 mb-0\">Thru - Sat\u00a0<span class=\"d-none d-lg-inline-block\">\/<\/span>\u00a0<span class=\"d-block d-lg-inline-block\">1:00 PM &#8211; 1:00 AM<\/span><\/p><p class=\"f14\">Sun\u00a0<span class=\"d-none d-lg-inline-block\">\/<\/span>\u00a0<span class=\"d-block d-lg-inline-block\">1:00 PM &#8211; 7:00 PM<\/span><\/p>\t\t\t\t\t\t\t\t<\/div>\n\t\t\t\t<\/div>\n\t\t\t\t<div class=\"elementor-element elementor-element-bdf40c2 elementor-align-left elementor-mobile-align-center elementor-widget elementor-widget-button\" data-id=\"bdf40c2\" data-element_type=\"widget\" data-e-type=\"widget\" data-widget_type=\"button.default\">\n\t\t\t\t<div class=\"elementor-widget-container\">\n\t\t\t\t\t\t\t\t\t<div class=\"elementor-button-wrapper\">\n\t\t\t\t\t<a class=\"elementor-button elementor-button-link elementor-size-sm elementor-animation-shrink\" href=\"https:\/\/www.opentable.com.mx\/nobu-arcos-bosques-reservations-mexico-city?restref=32860&#038;lang=es-MX&#038;ot_source=Restaurant%20website\" target=\"_blank\">\n\t\t\t\t\t\t<span class=\"elementor-button-content-wrapper\">\n\t\t\t\t\t\t\t\t\t<span class=\"elementor-button-text\">Book Now<\/span>\n\t\t\t\t\t<\/span>\n\t\t\t\t\t<\/a>\n\t\t\t\t<\/div>\n\t\t\t\t\t\t\t\t<\/div>\n\t\t\t\t<\/div>\n\t\t\t\t\t<\/div>\n\t\t<\/div>\n\t\t\t\t\t<\/div>\n\t\t<\/section>\n\t\t\t\t<\/div>","protected":false},"excerpt":{"rendered":"<p>Polanco Anatole France 74, Polanco, Polanco III Secc, Miguel Hidalgo, 11560 Ciudad de M\u00e9xico, CDMX Tel\u00e9fonos: +52 (55) 5280 2945\/ +52 (55) 5280 3035 Horarios: Lun. a Mier.\u00a0\/\u00a01:00 PM &#8211; 11:00 PM Jue. a S\u00e1b.\u00a0\/\u00a01:00 PM &#8211; 1:00 AM Domingo.\u00a0\/\u00a01:00 PM &#8211; 7:00 PM Reserva Ahora Arcos Bosques P.\u00ba de los Tamarindos 90-PB21A, Bosques de [&hellip;]<\/p>\n","protected":false},"author":2,"featured_media":0,"parent":0,"menu_order":0,"comment_status":"closed","ping_status":"closed","template":"","meta":{"footnotes":""},"class_list":["post-238","page","type-page","status-publish","hentry"],"yoast_head":"<!-- This site is optimized with the Yoast SEO plugin v27.4 - https:\/\/yoast.com\/product\/yoast-seo-wordpress\/ -->\n<title>Ubicaciones de Nobu en M\u00e9xico | Fine Dining Japon\u00e9s<\/title>\n<meta name=\"description\" content=\"Descubre las ubicaciones de Nobu en M\u00e9xico y vive la experiencia del fine dining japon\u00e9s contempor\u00e1neo con influencia peruana.\" \/>\n<meta name=\"robots\" content=\"index, follow, max-snippet:-1, max-image-preview:large, max-video-preview:-1\" \/>\n<link rel=\"canonical\" href=\"https:\/\/www.nobu.mx\/en\/ubicaciones\/\" \/>\n<meta property=\"og:locale\" content=\"en_US\" \/>\n<meta property=\"og:type\" content=\"article\" \/>\n<meta property=\"og:title\" content=\"Ubicaciones de Nobu en M\u00e9xico | Fine Dining Japon\u00e9s\" \/>\n<meta property=\"og:description\" content=\"Descubre las ubicaciones de Nobu en M\u00e9xico y vive la experiencia del fine dining japon\u00e9s contempor\u00e1neo con influencia peruana.\" \/>\n<meta property=\"og:url\" content=\"https:\/\/www.nobu.mx\/en\/ubicaciones\/\" \/>\n<meta property=\"og:site_name\" content=\"Nobu: Ciudad de M\u00e9xico\" \/>\n<meta property=\"article:publisher\" content=\"https:\/\/www.facebook.com\/NobuMexicoGH\/\" \/>\n<meta property=\"article:modified_time\" content=\"2025-09-24T23:28:42+00:00\" \/>\n<meta name=\"twitter:card\" content=\"summary_large_image\" \/>\n<meta name=\"twitter:label1\" content=\"Est. reading time\" \/>\n\t<meta name=\"twitter:data1\" content=\"1 minute\" \/>\n<script type=\"application\/ld+json\" class=\"yoast-schema-graph\">{\"@context\":\"https:\\\/\\\/schema.org\",\"@graph\":[{\"@type\":\"WebPage\",\"@id\":\"https:\\\/\\\/www.nobu.mx\\\/ubicaciones\\\/\",\"url\":\"https:\\\/\\\/www.nobu.mx\\\/ubicaciones\\\/\",\"name\":\"Ubicaciones de Nobu en M\u00e9xico | Fine Dining Japon\u00e9s\",\"isPartOf\":{\"@id\":\"https:\\\/\\\/www.nobu.mx\\\/#website\"},\"datePublished\":\"2023-07-04T18:46:19+00:00\",\"dateModified\":\"2025-09-24T23:28:42+00:00\",\"description\":\"Descubre las ubicaciones de Nobu en M\u00e9xico y vive la experiencia del fine dining japon\u00e9s contempor\u00e1neo con influencia peruana.\",\"breadcrumb\":{\"@id\":\"https:\\\/\\\/www.nobu.mx\\\/ubicaciones\\\/#breadcrumb\"},\"inLanguage\":\"en-US\",\"potentialAction\":[{\"@type\":\"ReadAction\",\"target\":[\"https:\\\/\\\/www.nobu.mx\\\/ubicaciones\\\/\"]}]},{\"@type\":\"BreadcrumbList\",\"@id\":\"https:\\\/\\\/www.nobu.mx\\\/ubicaciones\\\/#breadcrumb\",\"itemListElement\":[{\"@type\":\"ListItem\",\"position\":1,\"name\":\"Inicio\",\"item\":\"https:\\\/\\\/www.nobu.mx\\\/\"},{\"@type\":\"ListItem\",\"position\":2,\"name\":\"Ubicaciones de Nobu en M\u00e9xico | Fine Dining Japon\u00e9s\"}]},{\"@type\":\"WebSite\",\"@id\":\"https:\\\/\\\/www.nobu.mx\\\/#website\",\"url\":\"https:\\\/\\\/www.nobu.mx\\\/\",\"name\":\"Nobu: Ciudad de M\u00e9xico\",\"description\":\"Grupo Hunan\",\"publisher\":{\"@id\":\"https:\\\/\\\/www.nobu.mx\\\/#organization\"},\"potentialAction\":[{\"@type\":\"SearchAction\",\"target\":{\"@type\":\"EntryPoint\",\"urlTemplate\":\"https:\\\/\\\/www.nobu.mx\\\/?s={search_term_string}\"},\"query-input\":{\"@type\":\"PropertyValueSpecification\",\"valueRequired\":true,\"valueName\":\"search_term_string\"}}],\"inLanguage\":\"en-US\"},{\"@type\":\"Organization\",\"@id\":\"https:\\\/\\\/www.nobu.mx\\\/#organization\",\"name\":\"Nobu: Ciudad de M\u00e9xico\",\"url\":\"https:\\\/\\\/www.nobu.mx\\\/\",\"logo\":{\"@type\":\"ImageObject\",\"inLanguage\":\"en-US\",\"@id\":\"https:\\\/\\\/www.nobu.mx\\\/#\\\/schema\\\/logo\\\/image\\\/\",\"url\":\"https:\\\/\\\/www.nobu.mx\\\/wp-content\\\/uploads\\\/2023\\\/06\\\/Nobu.png\",\"contentUrl\":\"https:\\\/\\\/www.nobu.mx\\\/wp-content\\\/uploads\\\/2023\\\/06\\\/Nobu.png\",\"width\":681,\"height\":128,\"caption\":\"Nobu: Ciudad de M\u00e9xico\"},\"image\":{\"@id\":\"https:\\\/\\\/www.nobu.mx\\\/#\\\/schema\\\/logo\\\/image\\\/\"},\"sameAs\":[\"https:\\\/\\\/www.facebook.com\\\/NobuMexicoGH\\\/\",\"https:\\\/\\\/www.instagram.com\\\/nobucdmx\"]}]}<\/script>\n<!-- \/ Yoast SEO plugin. -->","yoast_head_json":{"title":"Ubicaciones de Nobu en M\u00e9xico | Fine Dining Japon\u00e9s","description":"Descubre las ubicaciones de Nobu en M\u00e9xico y vive la experiencia del fine dining japon\u00e9s contempor\u00e1neo con influencia peruana.","robots":{"index":"index","follow":"follow","max-snippet":"max-snippet:-1","max-image-preview":"max-image-preview:large","max-video-preview":"max-video-preview:-1"},"canonical":"https:\/\/www.nobu.mx\/en\/ubicaciones\/","og_locale":"en_US","og_type":"article","og_title":"Ubicaciones de Nobu en M\u00e9xico | Fine Dining Japon\u00e9s","og_description":"Descubre las ubicaciones de Nobu en M\u00e9xico y vive la experiencia del fine dining japon\u00e9s contempor\u00e1neo con influencia peruana.","og_url":"https:\/\/www.nobu.mx\/en\/ubicaciones\/","og_site_name":"Nobu: Ciudad de M\u00e9xico","article_publisher":"https:\/\/www.facebook.com\/NobuMexicoGH\/","article_modified_time":"2025-09-24T23:28:42+00:00","twitter_card":"summary_large_image","twitter_misc":{"Est. reading time":"1 minute"},"schema":{"@context":"https:\/\/schema.org","@graph":[{"@type":"WebPage","@id":"https:\/\/www.nobu.mx\/ubicaciones\/","url":"https:\/\/www.nobu.mx\/ubicaciones\/","name":"Ubicaciones de Nobu en M\u00e9xico | Fine Dining Japon\u00e9s","isPartOf":{"@id":"https:\/\/www.nobu.mx\/#website"},"datePublished":"2023-07-04T18:46:19+00:00","dateModified":"2025-09-24T23:28:42+00:00","description":"Descubre las ubicaciones de Nobu en M\u00e9xico y vive la experiencia del fine dining japon\u00e9s contempor\u00e1neo con influencia peruana.","breadcrumb":{"@id":"https:\/\/www.nobu.mx\/ubicaciones\/#breadcrumb"},"inLanguage":"en-US","potentialAction":[{"@type":"ReadAction","target":["https:\/\/www.nobu.mx\/ubicaciones\/"]}]},{"@type":"BreadcrumbList","@id":"https:\/\/www.nobu.mx\/ubicaciones\/#breadcrumb","itemListElement":[{"@type":"ListItem","position":1,"name":"Inicio","item":"https:\/\/www.nobu.mx\/"},{"@type":"ListItem","position":2,"name":"Ubicaciones de Nobu en M\u00e9xico | Fine Dining Japon\u00e9s"}]},{"@type":"WebSite","@id":"https:\/\/www.nobu.mx\/#website","url":"https:\/\/www.nobu.mx\/","name":"Nobu: Ciudad de M\u00e9xico","description":"GRUPO HUNAN","publisher":{"@id":"https:\/\/www.nobu.mx\/#organization"},"potentialAction":[{"@type":"SearchAction","target":{"@type":"EntryPoint","urlTemplate":"https:\/\/www.nobu.mx\/?s={search_term_string}"},"query-input":{"@type":"PropertyValueSpecification","valueRequired":true,"valueName":"search_term_string"}}],"inLanguage":"en-US"},{"@type":"Organization","@id":"https:\/\/www.nobu.mx\/#organization","name":"Nobu: Ciudad de M\u00e9xico","url":"https:\/\/www.nobu.mx\/","logo":{"@type":"ImageObject","inLanguage":"en-US","@id":"https:\/\/www.nobu.mx\/#\/schema\/logo\/image\/","url":"https:\/\/www.nobu.mx\/wp-content\/uploads\/2023\/06\/Nobu.png","contentUrl":"https:\/\/www.nobu.mx\/wp-content\/uploads\/2023\/06\/Nobu.png","width":681,"height":128,"caption":"Nobu: Ciudad de M\u00e9xico"},"image":{"@id":"https:\/\/www.nobu.mx\/#\/schema\/logo\/image\/"},"sameAs":["https:\/\/www.facebook.com\/NobuMexicoGH\/","https:\/\/www.instagram.com\/nobucdmx"]}]}},"_links":{"self":[{"href":"https:\/\/www.nobu.mx\/en\/wp-json\/wp\/v2\/pages\/238","targetHints":{"allow":["GET"]}}],"collection":[{"href":"https:\/\/www.nobu.mx\/en\/wp-json\/wp\/v2\/pages"}],"about":[{"href":"https:\/\/www.nobu.mx\/en\/wp-json\/wp\/v2\/types\/page"}],"author":[{"embeddable":true,"href":"https:\/\/www.nobu.mx\/en\/wp-json\/wp\/v2\/users\/2"}],"replies":[{"embeddable":true,"href":"https:\/\/www.nobu.mx\/en\/wp-json\/wp\/v2\/comments?post=238"}],"version-history":[{"count":35,"href":"https:\/\/www.nobu.mx\/en\/wp-json\/wp\/v2\/pages\/238\/revisions"}],"predecessor-version":[{"id":851,"href":"https:\/\/www.nobu.mx\/en\/wp-json\/wp\/v2\/pages\/238\/revisions\/851"}],"wp:attachment":[{"href":"https:\/\/www.nobu.mx\/en\/wp-json\/wp\/v2\/media?parent=238"}],"curies":[{"name":"wp","href":"https:\/\/api.w.org\/{rel}","templated":true}]}}