{"id":351,"date":"2023-07-05T18:47:48","date_gmt":"2023-07-05T18:47:48","guid":{"rendered":"https:\/\/www.nobu.mx\/new\/?page_id=351"},"modified":"2023-08-15T20:33:14","modified_gmt":"2023-08-15T20:33:14","slug":"terminos-y-condiciones","status":"publish","type":"page","link":"https:\/\/www.nobu.mx\/en\/terminos-y-condiciones\/","title":{"rendered":"Terms and Conditions"},"content":{"rendered":"<div data-elementor-type=\"wp-page\" data-elementor-id=\"351\" class=\"elementor elementor-351\" data-elementor-post-type=\"page\">\n\t\t\t\t\t\t<section class=\"elementor-section elementor-top-section elementor-element elementor-element-a689ae9 elementor-section-boxed elementor-section-height-default elementor-section-height-default\" data-id=\"a689ae9\" data-element_type=\"section\" data-e-type=\"section\">\n\t\t\t\t\t\t<div class=\"elementor-container elementor-column-gap-default\">\n\t\t\t\t\t<div class=\"elementor-column elementor-col-100 elementor-top-column elementor-element elementor-element-166e89a\" data-id=\"166e89a\" data-element_type=\"column\" data-e-type=\"column\">\n\t\t\t<div class=\"elementor-widget-wrap elementor-element-populated\">\n\t\t\t\t\t\t<div class=\"elementor-element elementor-element-d9c5523 elementor-widget elementor-widget-heading\" data-id=\"d9c5523\" data-element_type=\"widget\" data-e-type=\"widget\" data-widget_type=\"heading.default\">\n\t\t\t\t<div class=\"elementor-widget-container\">\n\t\t\t\t\t<h2 class=\"elementor-heading-title elementor-size-default\">Terms and Conditions<\/h2>\t\t\t\t<\/div>\n\t\t\t\t<\/div>\n\t\t\t\t<div class=\"elementor-element elementor-element-678a894 elementor-widget elementor-widget-text-editor\" data-id=\"678a894\" data-element_type=\"widget\" data-e-type=\"widget\" data-widget_type=\"text-editor.default\">\n\t\t\t\t<div class=\"elementor-widget-container\">\n\t\t\t\t\t\t\t\t\t<p class=\"p1 translation-block\">Access to this site and the use of its services are subject to the following general terms and conditions, as well as specific terms and conditions. By continuing to visit this site, you (the User) are deemed to agree to the Terms and Conditions. The content of this site, www.grupohunan.com.mx, including information, text, software, email addresses, graphics, statistics, is the property of GH DINING HOSPITALITY S.A.P.I de C.V. and is protected by International Intellectual Property Laws and\/or Copyright Laws. The user relinquishes all intellectual property rights and grants GH DINING HOSPITALITY S.A.P.I de C.V. royalty-free, perpetual use, display, and reproduction rights for any reports, information, or derivative works of any material you have submitted to our site.<\/p>\n<p class=\"p2\">PRIVACY NOTICE<\/p>\n<p class=\"p1 translation-block\">GH DINING HOSPITALITY, S.A. de C.V. (\"GRUPO HUNAN\"), with address at Pedro Luis Ogaz\u00f3n 102, Guadalupe Inn, \u00c1lvaro Obreg\u00f3n, Postal Code 01020, Mexico City, is committed to protecting the personal information provided by its users (hereinafter referred to as \"Personal Data\") and is responsible for its processing (a term that will be defined later) when collected through the website www.grupohunan.com.mx (hereinafter the \"Site\"), printed media, and\/or by telephone (hereinafter the \"Other Means\").<\/p>\n<p class=\"p2\">PURPOSE OF PROCEEDING<\/p>\n<p class=\"p1\">Grupo Hunan may request and\/or collect, through the Site and Other Means, the Personal Data of users for the purposes indicated below, as well as to comply with legal provisions that require it or when requested by competent authorities (hereinafter the \"Processing\"). Grupo Hunan and\/or any third party that may be involved in any phase of the Personal Data Processing will maintain confidentiality regarding said data when they possess such a character, in accordance with the applicable legal provisions in the United Mexican States (hereinafter \"Mexico\").<\/p>\n<p class=\"p1\">The Personal Data that users provide at the time of their access and\/or registration to the Site and\/or through Other Means have the purpose of (i) generating databases that Grupo Hunan will use for commercial, advertising, and promotional purposes.<\/p>\n<p class=\"p3\">PERSONAL DATA TO BE COLLECTED<\/p>\n<ul class=\"ul1\">\n<li class=\"li4\"><span class=\"s2\">Full name.<\/span><\/li>\n<li class=\"li4\"><span class=\"s2\">Date of birth.<\/span><\/li>\n<li class=\"li4\"><span class=\"s2\">ZIP Code.<\/span><\/li>\n<li class=\"li4\"><span class=\"s2\">Email.<\/span><\/li>\n<\/ul><div><br><\/div>\n<p class=\"p2\">CONSENT<\/p>\n<p class=\"p1\">Access and\/or registration through the Site and\/or Other Means implies the full and unconditional consent of users for the processing of their Personal Data in accordance with this Privacy Notice.<\/p>\n<p class=\"p1\">The owner of the Personal Data declares that they are of legal age at the time the data is provided and have full legal capacity. In the exceptional case that data concerning minors or individuals under guardianship or legally declared incapable are processed, Personal Data of such individuals will not be collected or processed without the prior consent of the person exercising parental authority or, where appropriate, the guardian or legal representative, in accordance with the applicable rules of representation in each case.<\/p>\n<p class=\"p1\">If Grupo Hunan, due to any human or technical error or the inadvertent collection of Personal Data of minors or incapacitated individuals, becomes aware of such data, it will be promptly deleted from the databases in which they are stored.<\/p>\n<p class=\"p2\">PRIVACY POLICY<\/p>\n<p class=\"p1\">This Privacy Policy establishes the terms in which GRUPO HUNAN uses and protects the information provided by its users when using its website. This company is committed to ensuring the security of its users' data. When we ask you to fill in personal information fields that may identify you, we do so ensuring that it will only be used in accordance with the terms of this document. However, this Privacy Policy may change over time or be updated, so we recommend and emphasize that you continuously review this page to ensure that you agree with any such changes.<\/p>\n<p class=\"p2\">COLLECTED INFORMATION<\/p>\n<p class=\"p1\">Our website may collect personal information such as name, contact information including email address, and demographic information. Additionally, when necessary, specific information may be required to process an order or make a delivery or invoice.<\/p>\n<p class=\"p2\">USE OF COLLECTED INFORMATION<\/p>\n<p class=\"p1\">Our website uses the information in order to provide the best possible service, particularly to keep a record of users and orders if applicable, and to improve our products and services. Periodically, emails may be sent through our site with special offers, new products, and other promotional information that we believe is relevant to you or may provide some benefit. These emails will be sent to the address you provide and can be unsubscribed from at any time.<\/p>\n<p class=\"p1\">GRUPO HUNAN is highly committed to fulfilling the commitment to keeping your information secure. We use the most advanced systems and constantly update them to ensure that there is no unauthorized access.<\/p>\n<p class=\"p5\">\n<\/p><p class=\"p2\">COOKIES<\/p>\n<p class=\"p1\">A cookie refers to a file that is sent with the purpose of requesting permission to be stored on your computer. By accepting this file, a cookie is created, which serves to gather information about web traffic and also facilitates future visits to a recurrent website. Another function of cookies is that websites can recognize you individually and, therefore, provide you with the best personalized service on their site.<\/p>\n<p class=\"p1\">Our website uses cookies to identify the pages that are visited and their frequency. This information is used solely for statistical analysis, and then the information is permanently removed. You can delete cookies at any time from your computer. However, cookies help to provide a better service for websites. They do not give access to information on your computer or to you, unless you choose to provide it directly, such as visiting a website.<\/p>\n<p class=\"p1\">You can accept or deny the use of cookies. However, most browsers automatically accept cookies as they are necessary for a better web service. You can also change your computer's settings to decline cookies. If you decline cookies, it is possible that you may not be able to use some of our services.<\/p>\n<p class=\"p2\">THIRD-PARTY LINKS<\/p>\n<p class=\"p1\">This website may contain links to other sites that may be of interest to you. Once you click on these links and leave our page, we no longer have control over the site you are redirected to, and therefore, we are not responsible for the terms or privacy practices or the protection of your data on those third-party sites. Such sites are subject to their own privacy policies, so it is advisable to consult them to confirm that you agree with their policies.<\/p>\n<p class=\"p2\">CONTROL OF YOUR PERSONAL INFORMATION<\/p>\n<p class=\"p1\">At any time, you can restrict the collection or use of personal information that is provided on our website. Whenever you are asked to fill out a form, such as the user registration form, you can check or uncheck the option to receive information via email. If you have chosen to receive our newsletter or advertisements, you can unsubscribe at any time.<\/p>\n<p class=\"p1\">This company will not sell, transfer, or distribute the personal information that is collected without your consent, unless required by a court with a judicial order.<\/p>\n<p class=\"p1\">GRUPO HUNAN reserves the right to change the terms of this Privacy Policy at any time.<\/p>\t\t\t\t\t\t\t\t<\/div>\n\t\t\t\t<\/div>\n\t\t\t\t\t<\/div>\n\t\t<\/div>\n\t\t\t\t\t<\/div>\n\t\t<\/section>\n\t\t\t\t<\/div>","protected":false},"excerpt":{"rendered":"<p>T\u00e9rminos y Condiciones El acceso a este sitio y la utilizaci\u00f3n de sus servicios est\u00e1 sujeto a los t\u00e9rminos y condiciones generales que se establecen a continuaci\u00f3n y a las de \u00edndole particular. De continuar Ud. (el Usuario) la visita de este sitio, se entender\u00e1 que presta su conformidad con los T\u00e9rminos y Condiciones. El [&hellip;]<\/p>\n","protected":false},"author":2,"featured_media":0,"parent":0,"menu_order":0,"comment_status":"closed","ping_status":"closed","template":"","meta":{"footnotes":""},"class_list":["post-351","page","type-page","status-publish","hentry"],"yoast_head":"<!-- This site is optimized with the Yoast SEO plugin v27.4 - https:\/\/yoast.com\/product\/yoast-seo-wordpress\/ -->\n<title>T\u00e9rminos y Condiciones - Nobu: Ciudad de M\u00e9xico<\/title>\n<meta name=\"robots\" content=\"index, follow, max-snippet:-1, max-image-preview:large, max-video-preview:-1\" \/>\n<link rel=\"canonical\" href=\"https:\/\/www.nobu.mx\/en\/terminos-y-condiciones\/\" \/>\n<meta property=\"og:locale\" content=\"en_US\" \/>\n<meta property=\"og:type\" content=\"article\" \/>\n<meta property=\"og:title\" content=\"T\u00e9rminos y Condiciones - Nobu: Ciudad de M\u00e9xico\" \/>\n<meta property=\"og:description\" content=\"T\u00e9rminos y Condiciones El acceso a este sitio y la utilizaci\u00f3n de sus servicios est\u00e1 sujeto a los t\u00e9rminos y condiciones generales que se establecen a continuaci\u00f3n y a las de \u00edndole particular. De continuar Ud. (el Usuario) la visita de este sitio, se entender\u00e1 que presta su conformidad con los T\u00e9rminos y Condiciones. El [&hellip;]\" \/>\n<meta property=\"og:url\" content=\"https:\/\/www.nobu.mx\/en\/terminos-y-condiciones\/\" \/>\n<meta property=\"og:site_name\" content=\"Nobu: Ciudad de M\u00e9xico\" \/>\n<meta property=\"article:publisher\" content=\"https:\/\/www.facebook.com\/NobuMexicoGH\/\" \/>\n<meta property=\"article:modified_time\" content=\"2023-08-15T20:33:14+00:00\" \/>\n<meta name=\"twitter:card\" content=\"summary_large_image\" \/>\n<meta name=\"twitter:label1\" content=\"Est. reading time\" \/>\n\t<meta name=\"twitter:data1\" content=\"7 minutes\" \/>\n<script type=\"application\/ld+json\" class=\"yoast-schema-graph\">{\"@context\":\"https:\\\/\\\/schema.org\",\"@graph\":[{\"@type\":\"WebPage\",\"@id\":\"https:\\\/\\\/www.nobu.mx\\\/terminos-y-condiciones\\\/\",\"url\":\"https:\\\/\\\/www.nobu.mx\\\/terminos-y-condiciones\\\/\",\"name\":\"T\u00e9rminos y Condiciones - Nobu: Ciudad de M\u00e9xico\",\"isPartOf\":{\"@id\":\"https:\\\/\\\/www.nobu.mx\\\/#website\"},\"datePublished\":\"2023-07-05T18:47:48+00:00\",\"dateModified\":\"2023-08-15T20:33:14+00:00\",\"breadcrumb\":{\"@id\":\"https:\\\/\\\/www.nobu.mx\\\/terminos-y-condiciones\\\/#breadcrumb\"},\"inLanguage\":\"en-US\",\"potentialAction\":[{\"@type\":\"ReadAction\",\"target\":[\"https:\\\/\\\/www.nobu.mx\\\/terminos-y-condiciones\\\/\"]}]},{\"@type\":\"BreadcrumbList\",\"@id\":\"https:\\\/\\\/www.nobu.mx\\\/terminos-y-condiciones\\\/#breadcrumb\",\"itemListElement\":[{\"@type\":\"ListItem\",\"position\":1,\"name\":\"Inicio\",\"item\":\"https:\\\/\\\/www.nobu.mx\\\/\"},{\"@type\":\"ListItem\",\"position\":2,\"name\":\"T\u00e9rminos y Condiciones\"}]},{\"@type\":\"WebSite\",\"@id\":\"https:\\\/\\\/www.nobu.mx\\\/#website\",\"url\":\"https:\\\/\\\/www.nobu.mx\\\/\",\"name\":\"Nobu: Ciudad de M\u00e9xico\",\"description\":\"Grupo Hunan\",\"publisher\":{\"@id\":\"https:\\\/\\\/www.nobu.mx\\\/#organization\"},\"potentialAction\":[{\"@type\":\"SearchAction\",\"target\":{\"@type\":\"EntryPoint\",\"urlTemplate\":\"https:\\\/\\\/www.nobu.mx\\\/?s={search_term_string}\"},\"query-input\":{\"@type\":\"PropertyValueSpecification\",\"valueRequired\":true,\"valueName\":\"search_term_string\"}}],\"inLanguage\":\"en-US\"},{\"@type\":\"Organization\",\"@id\":\"https:\\\/\\\/www.nobu.mx\\\/#organization\",\"name\":\"Nobu: Ciudad de M\u00e9xico\",\"url\":\"https:\\\/\\\/www.nobu.mx\\\/\",\"logo\":{\"@type\":\"ImageObject\",\"inLanguage\":\"en-US\",\"@id\":\"https:\\\/\\\/www.nobu.mx\\\/#\\\/schema\\\/logo\\\/image\\\/\",\"url\":\"https:\\\/\\\/www.nobu.mx\\\/wp-content\\\/uploads\\\/2023\\\/06\\\/Nobu.png\",\"contentUrl\":\"https:\\\/\\\/www.nobu.mx\\\/wp-content\\\/uploads\\\/2023\\\/06\\\/Nobu.png\",\"width\":681,\"height\":128,\"caption\":\"Nobu: Ciudad de M\u00e9xico\"},\"image\":{\"@id\":\"https:\\\/\\\/www.nobu.mx\\\/#\\\/schema\\\/logo\\\/image\\\/\"},\"sameAs\":[\"https:\\\/\\\/www.facebook.com\\\/NobuMexicoGH\\\/\",\"https:\\\/\\\/www.instagram.com\\\/nobucdmx\"]}]}<\/script>\n<!-- \/ Yoast SEO plugin. -->","yoast_head_json":{"title":"T\u00e9rminos y Condiciones - Nobu: Ciudad de M\u00e9xico","robots":{"index":"index","follow":"follow","max-snippet":"max-snippet:-1","max-image-preview":"max-image-preview:large","max-video-preview":"max-video-preview:-1"},"canonical":"https:\/\/www.nobu.mx\/en\/terminos-y-condiciones\/","og_locale":"en_US","og_type":"article","og_title":"T\u00e9rminos y Condiciones - Nobu: Ciudad de M\u00e9xico","og_description":"T\u00e9rminos y Condiciones El acceso a este sitio y la utilizaci\u00f3n de sus servicios est\u00e1 sujeto a los t\u00e9rminos y condiciones generales que se establecen a continuaci\u00f3n y a las de \u00edndole particular. De continuar Ud. (el Usuario) la visita de este sitio, se entender\u00e1 que presta su conformidad con los T\u00e9rminos y Condiciones. El [&hellip;]","og_url":"https:\/\/www.nobu.mx\/en\/terminos-y-condiciones\/","og_site_name":"Nobu: Ciudad de M\u00e9xico","article_publisher":"https:\/\/www.facebook.com\/NobuMexicoGH\/","article_modified_time":"2023-08-15T20:33:14+00:00","twitter_card":"summary_large_image","twitter_misc":{"Est. reading time":"7 minutes"},"schema":{"@context":"https:\/\/schema.org","@graph":[{"@type":"WebPage","@id":"https:\/\/www.nobu.mx\/terminos-y-condiciones\/","url":"https:\/\/www.nobu.mx\/terminos-y-condiciones\/","name":"T\u00e9rminos y Condiciones - Nobu: Ciudad de M\u00e9xico","isPartOf":{"@id":"https:\/\/www.nobu.mx\/#website"},"datePublished":"2023-07-05T18:47:48+00:00","dateModified":"2023-08-15T20:33:14+00:00","breadcrumb":{"@id":"https:\/\/www.nobu.mx\/terminos-y-condiciones\/#breadcrumb"},"inLanguage":"en-US","potentialAction":[{"@type":"ReadAction","target":["https:\/\/www.nobu.mx\/terminos-y-condiciones\/"]}]},{"@type":"BreadcrumbList","@id":"https:\/\/www.nobu.mx\/terminos-y-condiciones\/#breadcrumb","itemListElement":[{"@type":"ListItem","position":1,"name":"Inicio","item":"https:\/\/www.nobu.mx\/"},{"@type":"ListItem","position":2,"name":"T\u00e9rminos y Condiciones"}]},{"@type":"WebSite","@id":"https:\/\/www.nobu.mx\/#website","url":"https:\/\/www.nobu.mx\/","name":"Nobu: Ciudad de M\u00e9xico","description":"GRUPO HUNAN","publisher":{"@id":"https:\/\/www.nobu.mx\/#organization"},"potentialAction":[{"@type":"SearchAction","target":{"@type":"EntryPoint","urlTemplate":"https:\/\/www.nobu.mx\/?s={search_term_string}"},"query-input":{"@type":"PropertyValueSpecification","valueRequired":true,"valueName":"search_term_string"}}],"inLanguage":"en-US"},{"@type":"Organization","@id":"https:\/\/www.nobu.mx\/#organization","name":"Nobu: Ciudad de M\u00e9xico","url":"https:\/\/www.nobu.mx\/","logo":{"@type":"ImageObject","inLanguage":"en-US","@id":"https:\/\/www.nobu.mx\/#\/schema\/logo\/image\/","url":"https:\/\/www.nobu.mx\/wp-content\/uploads\/2023\/06\/Nobu.png","contentUrl":"https:\/\/www.nobu.mx\/wp-content\/uploads\/2023\/06\/Nobu.png","width":681,"height":128,"caption":"Nobu: Ciudad de M\u00e9xico"},"image":{"@id":"https:\/\/www.nobu.mx\/#\/schema\/logo\/image\/"},"sameAs":["https:\/\/www.facebook.com\/NobuMexicoGH\/","https:\/\/www.instagram.com\/nobucdmx"]}]}},"_links":{"self":[{"href":"https:\/\/www.nobu.mx\/en\/wp-json\/wp\/v2\/pages\/351","targetHints":{"allow":["GET"]}}],"collection":[{"href":"https:\/\/www.nobu.mx\/en\/wp-json\/wp\/v2\/pages"}],"about":[{"href":"https:\/\/www.nobu.mx\/en\/wp-json\/wp\/v2\/types\/page"}],"author":[{"embeddable":true,"href":"https:\/\/www.nobu.mx\/en\/wp-json\/wp\/v2\/users\/2"}],"replies":[{"embeddable":true,"href":"https:\/\/www.nobu.mx\/en\/wp-json\/wp\/v2\/comments?post=351"}],"version-history":[{"count":22,"href":"https:\/\/www.nobu.mx\/en\/wp-json\/wp\/v2\/pages\/351\/revisions"}],"predecessor-version":[{"id":653,"href":"https:\/\/www.nobu.mx\/en\/wp-json\/wp\/v2\/pages\/351\/revisions\/653"}],"wp:attachment":[{"href":"https:\/\/www.nobu.mx\/en\/wp-json\/wp\/v2\/media?parent=351"}],"curies":[{"name":"wp","href":"https:\/\/api.w.org\/{rel}","templated":true}]}}