{"id":370,"date":"2023-07-05T18:54:26","date_gmt":"2023-07-05T18:54:26","guid":{"rendered":"https:\/\/www.nobu.mx\/new\/?page_id=370"},"modified":"2023-08-15T20:31:47","modified_gmt":"2023-08-15T20:31:47","slug":"aviso-de-privacidad","status":"publish","type":"page","link":"https:\/\/www.nobu.mx\/en\/aviso-de-privacidad\/","title":{"rendered":"Privacy Policy"},"content":{"rendered":"<div data-elementor-type=\"wp-page\" data-elementor-id=\"370\" class=\"elementor elementor-370\" data-elementor-post-type=\"page\">\n\t\t\t\t\t\t<section class=\"elementor-section elementor-top-section elementor-element elementor-element-63cb822 elementor-section-boxed elementor-section-height-default elementor-section-height-default\" data-id=\"63cb822\" data-element_type=\"section\" data-e-type=\"section\">\n\t\t\t\t\t\t<div class=\"elementor-container elementor-column-gap-default\">\n\t\t\t\t\t<div class=\"elementor-column elementor-col-100 elementor-top-column elementor-element elementor-element-a3c096b\" data-id=\"a3c096b\" data-element_type=\"column\" data-e-type=\"column\">\n\t\t\t<div class=\"elementor-widget-wrap elementor-element-populated\">\n\t\t\t\t\t\t<div class=\"elementor-element elementor-element-169bc78 elementor-widget elementor-widget-heading\" data-id=\"169bc78\" data-element_type=\"widget\" data-e-type=\"widget\" data-widget_type=\"heading.default\">\n\t\t\t\t<div class=\"elementor-widget-container\">\n\t\t\t\t\t<h2 class=\"elementor-heading-title elementor-size-default\">Privacy Policy<\/h2>\t\t\t\t<\/div>\n\t\t\t\t<\/div>\n\t\t\t\t<div class=\"elementor-element elementor-element-7a236e2 elementor-widget-mobile__width-initial elementor-widget elementor-widget-text-editor\" data-id=\"7a236e2\" data-element_type=\"widget\" data-e-type=\"widget\" data-widget_type=\"text-editor.default\">\n\t\t\t\t<div class=\"elementor-widget-container\">\n\t\t\t\t\t\t\t\t\t<p class=\"p2 translation-block\">GH DINING HOSPITALITY, S.A. de C.V. (\"GRUPO HUNAN\"), with address at Pedro Luis Ogaz\u00f3n 102, Guadalupe Inn, \u00c1lvaro Obreg\u00f3n, Postal Code 01020, Mexico City, is committed to protecting the personal information provided by its users (hereinafter referred to as \"Personal Data\") and is responsible for its processing (a term that will be defined later) when collected through the website www.grupohunan.com.mx (hereinafter the \"Site\"), printed media, and\/or by telephone (hereinafter the \"Other Means\").<\/p>\t\t\t\t\t\t\t\t<\/div>\n\t\t\t\t<\/div>\n\t\t\t\t\t<\/div>\n\t\t<\/div>\n\t\t\t\t\t<\/div>\n\t\t<\/section>\n\t\t\t\t<\/div>","protected":false},"excerpt":{"rendered":"<p>Aviso de Privacidad GH DINING HOSPITALITY, S.A. de C.V., (\u201cGRUPO HUNAN\u201d), con domicilio en calle Pedro Luis Ogaz\u00f3n 102 colonia Guadalupe Inn, Alcald\u00eda \u00c1lvaro Obreg\u00f3n C\u00f3digo Postal 01020, Ciudad de M\u00e9xico, tiene la convicci\u00f3n de proteger la informaci\u00f3n personal proporcionada por sus usuarios (en adelante \u201cDatos Personales\u201d) y es el responsable de su Tratamiento (t\u00e9rmino [&hellip;]<\/p>\n","protected":false},"author":2,"featured_media":0,"parent":0,"menu_order":0,"comment_status":"closed","ping_status":"closed","template":"","meta":{"footnotes":""},"class_list":["post-370","page","type-page","status-publish","hentry"],"yoast_head":"<!-- This site is optimized with the Yoast SEO plugin v27.4 - https:\/\/yoast.com\/product\/yoast-seo-wordpress\/ -->\n<title>Aviso de Privacidad - Nobu: Ciudad de M\u00e9xico<\/title>\n<meta name=\"robots\" content=\"index, follow, max-snippet:-1, max-image-preview:large, max-video-preview:-1\" \/>\n<link rel=\"canonical\" href=\"https:\/\/www.nobu.mx\/en\/aviso-de-privacidad\/\" \/>\n<meta property=\"og:locale\" content=\"en_US\" \/>\n<meta property=\"og:type\" content=\"article\" \/>\n<meta property=\"og:title\" content=\"Aviso de Privacidad - Nobu: Ciudad de M\u00e9xico\" \/>\n<meta property=\"og:description\" content=\"Aviso de Privacidad GH DINING HOSPITALITY, S.A. de C.V., (\u201cGRUPO HUNAN\u201d), con domicilio en calle Pedro Luis Ogaz\u00f3n 102 colonia Guadalupe Inn, Alcald\u00eda \u00c1lvaro Obreg\u00f3n C\u00f3digo Postal 01020, Ciudad de M\u00e9xico, tiene la convicci\u00f3n de proteger la informaci\u00f3n personal proporcionada por sus usuarios (en adelante \u201cDatos Personales\u201d) y es el responsable de su Tratamiento (t\u00e9rmino [&hellip;]\" \/>\n<meta property=\"og:url\" content=\"https:\/\/www.nobu.mx\/en\/aviso-de-privacidad\/\" \/>\n<meta property=\"og:site_name\" content=\"Nobu: Ciudad de M\u00e9xico\" \/>\n<meta property=\"article:publisher\" content=\"https:\/\/www.facebook.com\/NobuMexicoGH\/\" \/>\n<meta property=\"article:modified_time\" content=\"2023-08-15T20:31:47+00:00\" \/>\n<meta name=\"twitter:card\" content=\"summary_large_image\" \/>\n<meta name=\"twitter:label1\" content=\"Est. reading time\" \/>\n\t<meta name=\"twitter:data1\" content=\"1 minute\" \/>\n<script type=\"application\/ld+json\" class=\"yoast-schema-graph\">{\"@context\":\"https:\\\/\\\/schema.org\",\"@graph\":[{\"@type\":\"WebPage\",\"@id\":\"https:\\\/\\\/www.nobu.mx\\\/aviso-de-privacidad\\\/\",\"url\":\"https:\\\/\\\/www.nobu.mx\\\/aviso-de-privacidad\\\/\",\"name\":\"Aviso de Privacidad - Nobu: Ciudad de M\u00e9xico\",\"isPartOf\":{\"@id\":\"https:\\\/\\\/www.nobu.mx\\\/#website\"},\"datePublished\":\"2023-07-05T18:54:26+00:00\",\"dateModified\":\"2023-08-15T20:31:47+00:00\",\"breadcrumb\":{\"@id\":\"https:\\\/\\\/www.nobu.mx\\\/aviso-de-privacidad\\\/#breadcrumb\"},\"inLanguage\":\"en-US\",\"potentialAction\":[{\"@type\":\"ReadAction\",\"target\":[\"https:\\\/\\\/www.nobu.mx\\\/aviso-de-privacidad\\\/\"]}]},{\"@type\":\"BreadcrumbList\",\"@id\":\"https:\\\/\\\/www.nobu.mx\\\/aviso-de-privacidad\\\/#breadcrumb\",\"itemListElement\":[{\"@type\":\"ListItem\",\"position\":1,\"name\":\"Inicio\",\"item\":\"https:\\\/\\\/www.nobu.mx\\\/\"},{\"@type\":\"ListItem\",\"position\":2,\"name\":\"Aviso de Privacidad\"}]},{\"@type\":\"WebSite\",\"@id\":\"https:\\\/\\\/www.nobu.mx\\\/#website\",\"url\":\"https:\\\/\\\/www.nobu.mx\\\/\",\"name\":\"Nobu: Ciudad de M\u00e9xico\",\"description\":\"Grupo Hunan\",\"publisher\":{\"@id\":\"https:\\\/\\\/www.nobu.mx\\\/#organization\"},\"potentialAction\":[{\"@type\":\"SearchAction\",\"target\":{\"@type\":\"EntryPoint\",\"urlTemplate\":\"https:\\\/\\\/www.nobu.mx\\\/?s={search_term_string}\"},\"query-input\":{\"@type\":\"PropertyValueSpecification\",\"valueRequired\":true,\"valueName\":\"search_term_string\"}}],\"inLanguage\":\"en-US\"},{\"@type\":\"Organization\",\"@id\":\"https:\\\/\\\/www.nobu.mx\\\/#organization\",\"name\":\"Nobu: Ciudad de M\u00e9xico\",\"url\":\"https:\\\/\\\/www.nobu.mx\\\/\",\"logo\":{\"@type\":\"ImageObject\",\"inLanguage\":\"en-US\",\"@id\":\"https:\\\/\\\/www.nobu.mx\\\/#\\\/schema\\\/logo\\\/image\\\/\",\"url\":\"https:\\\/\\\/www.nobu.mx\\\/wp-content\\\/uploads\\\/2023\\\/06\\\/Nobu.png\",\"contentUrl\":\"https:\\\/\\\/www.nobu.mx\\\/wp-content\\\/uploads\\\/2023\\\/06\\\/Nobu.png\",\"width\":681,\"height\":128,\"caption\":\"Nobu: Ciudad de M\u00e9xico\"},\"image\":{\"@id\":\"https:\\\/\\\/www.nobu.mx\\\/#\\\/schema\\\/logo\\\/image\\\/\"},\"sameAs\":[\"https:\\\/\\\/www.facebook.com\\\/NobuMexicoGH\\\/\",\"https:\\\/\\\/www.instagram.com\\\/nobucdmx\"]}]}<\/script>\n<!-- \/ Yoast SEO plugin. -->","yoast_head_json":{"title":"Aviso de Privacidad - Nobu: Ciudad de M\u00e9xico","robots":{"index":"index","follow":"follow","max-snippet":"max-snippet:-1","max-image-preview":"max-image-preview:large","max-video-preview":"max-video-preview:-1"},"canonical":"https:\/\/www.nobu.mx\/en\/aviso-de-privacidad\/","og_locale":"en_US","og_type":"article","og_title":"Aviso de Privacidad - Nobu: Ciudad de M\u00e9xico","og_description":"Aviso de Privacidad GH DINING HOSPITALITY, S.A. de C.V., (\u201cGRUPO HUNAN\u201d), con domicilio en calle Pedro Luis Ogaz\u00f3n 102 colonia Guadalupe Inn, Alcald\u00eda \u00c1lvaro Obreg\u00f3n C\u00f3digo Postal 01020, Ciudad de M\u00e9xico, tiene la convicci\u00f3n de proteger la informaci\u00f3n personal proporcionada por sus usuarios (en adelante \u201cDatos Personales\u201d) y es el responsable de su Tratamiento (t\u00e9rmino [&hellip;]","og_url":"https:\/\/www.nobu.mx\/en\/aviso-de-privacidad\/","og_site_name":"Nobu: Ciudad de M\u00e9xico","article_publisher":"https:\/\/www.facebook.com\/NobuMexicoGH\/","article_modified_time":"2023-08-15T20:31:47+00:00","twitter_card":"summary_large_image","twitter_misc":{"Est. reading time":"1 minute"},"schema":{"@context":"https:\/\/schema.org","@graph":[{"@type":"WebPage","@id":"https:\/\/www.nobu.mx\/aviso-de-privacidad\/","url":"https:\/\/www.nobu.mx\/aviso-de-privacidad\/","name":"Aviso de Privacidad - Nobu: Ciudad de M\u00e9xico","isPartOf":{"@id":"https:\/\/www.nobu.mx\/#website"},"datePublished":"2023-07-05T18:54:26+00:00","dateModified":"2023-08-15T20:31:47+00:00","breadcrumb":{"@id":"https:\/\/www.nobu.mx\/aviso-de-privacidad\/#breadcrumb"},"inLanguage":"en-US","potentialAction":[{"@type":"ReadAction","target":["https:\/\/www.nobu.mx\/aviso-de-privacidad\/"]}]},{"@type":"BreadcrumbList","@id":"https:\/\/www.nobu.mx\/aviso-de-privacidad\/#breadcrumb","itemListElement":[{"@type":"ListItem","position":1,"name":"Inicio","item":"https:\/\/www.nobu.mx\/"},{"@type":"ListItem","position":2,"name":"Aviso de Privacidad"}]},{"@type":"WebSite","@id":"https:\/\/www.nobu.mx\/#website","url":"https:\/\/www.nobu.mx\/","name":"Nobu: Ciudad de M\u00e9xico","description":"GRUPO HUNAN","publisher":{"@id":"https:\/\/www.nobu.mx\/#organization"},"potentialAction":[{"@type":"SearchAction","target":{"@type":"EntryPoint","urlTemplate":"https:\/\/www.nobu.mx\/?s={search_term_string}"},"query-input":{"@type":"PropertyValueSpecification","valueRequired":true,"valueName":"search_term_string"}}],"inLanguage":"en-US"},{"@type":"Organization","@id":"https:\/\/www.nobu.mx\/#organization","name":"Nobu: Ciudad de M\u00e9xico","url":"https:\/\/www.nobu.mx\/","logo":{"@type":"ImageObject","inLanguage":"en-US","@id":"https:\/\/www.nobu.mx\/#\/schema\/logo\/image\/","url":"https:\/\/www.nobu.mx\/wp-content\/uploads\/2023\/06\/Nobu.png","contentUrl":"https:\/\/www.nobu.mx\/wp-content\/uploads\/2023\/06\/Nobu.png","width":681,"height":128,"caption":"Nobu: Ciudad de M\u00e9xico"},"image":{"@id":"https:\/\/www.nobu.mx\/#\/schema\/logo\/image\/"},"sameAs":["https:\/\/www.facebook.com\/NobuMexicoGH\/","https:\/\/www.instagram.com\/nobucdmx"]}]}},"_links":{"self":[{"href":"https:\/\/www.nobu.mx\/en\/wp-json\/wp\/v2\/pages\/370","targetHints":{"allow":["GET"]}}],"collection":[{"href":"https:\/\/www.nobu.mx\/en\/wp-json\/wp\/v2\/pages"}],"about":[{"href":"https:\/\/www.nobu.mx\/en\/wp-json\/wp\/v2\/types\/page"}],"author":[{"embeddable":true,"href":"https:\/\/www.nobu.mx\/en\/wp-json\/wp\/v2\/users\/2"}],"replies":[{"embeddable":true,"href":"https:\/\/www.nobu.mx\/en\/wp-json\/wp\/v2\/comments?post=370"}],"version-history":[{"count":13,"href":"https:\/\/www.nobu.mx\/en\/wp-json\/wp\/v2\/pages\/370\/revisions"}],"predecessor-version":[{"id":650,"href":"https:\/\/www.nobu.mx\/en\/wp-json\/wp\/v2\/pages\/370\/revisions\/650"}],"wp:attachment":[{"href":"https:\/\/www.nobu.mx\/en\/wp-json\/wp\/v2\/media?parent=370"}],"curies":[{"name":"wp","href":"https:\/\/api.w.org\/{rel}","templated":true}]}}